{"id":2657,"date":"2022-01-24T16:47:50","date_gmt":"2022-01-24T15:47:50","guid":{"rendered":"https:\/\/demo.honestbarcelona.com\/?page_id=2657"},"modified":"2022-01-24T17:25:50","modified_gmt":"2022-01-24T16:25:50","slug":"politica-de-proteccio-de-dades","status":"publish","type":"page","link":"https:\/\/honestbarcelona.com\/ca\/politica-de-proteccio-de-dades\/","title":{"rendered":"Pol\u00edtica de protecci\u00f3 de dades"},"content":{"rendered":"\n<p>L&#8217;Adre\u00e7a \/ \u00d2rgan de Govern de JAX HONEST S.L. (d&#8217;ara endavant, el responsable del tractament), assumeix la m\u00e0xima responsabilitat i comprom\u00eds amb l&#8217;establiment, implementaci\u00f3 i manteniment de la present Pol\u00edtica de Protecci\u00f3 de Dades, garantint la millora cont\u00ednua del responsable del tractament amb l&#8217;objectiu d&#8217;aconseguir l&#8217;excel\u00b7l\u00e8ncia en relaci\u00f3 amb el compliment del Reglament (UE) 2016\/679 del Parlament Europeu i del Consell, de 27 d&#8217;abril de 2016, relatiu a la protecci\u00f3 de les persones f\u00edsiques pel que fa al tractament de dades personals i a la lliure circulaci\u00f3 d&#8217;aquestes dades i pel qual es deroga la Directiva 95\/46\/CE (Reglament general de protecci\u00f3 de dades) (DOUE L 119\/1, 04-05-2016), i de la normativa espanyola de protecci\u00f3 de dades de car\u00e0cter personal (Llei Org\u00e0nica, legislaci\u00f3 sectorial espec\u00edfica i les seves normes de desenvolupament).<\/p>\n\n\n\n<p>La Pol\u00edtica de Protecci\u00f3 de Dades de <strong>JAX HONEST S.L. <\/strong>descansa en el principi de responsabilitat proactiva, segons el qual el responsable del tractament \u00e9s responsable del compliment del marc normatiu i jurisprudencial que governa aquesta Pol\u00edtica, i \u00e9s capa\u00e7 de demostrar-ho davant les autoritats de control competents.<\/p>\n\n\n\n<p>En tal sentit, el responsable del tractament es regir\u00e0 pels seg\u00fcents principis que han de servir a tot el seu personal com a guia i marc de refer\u00e8ncia en el tractament de dades personals:<\/p>\n\n\n\n<ol class=\"wp-block-list\"><li><strong>Protecci\u00f3 de dades des del disseny:<\/strong> el responsable del tractament aplicar\u00e0, tant al moment de determinar els mitjans de tractament com al moment del mateix tractament, mesures t\u00e8cniques i organitzatives apropiades, com la seudonimizaci\u00f3, concebudes per aplicar de forma efectiva els principis de protecci\u00f3 de dades, com la minimitzaci\u00f3 de dades, i integrar les garanties necess\u00e0ries en el tractament.<\/li><li><strong>Protecci\u00f3 de dades per defecte:<\/strong> el responsable del tractament aplicar\u00e0 les mesures t\u00e8cniques i organitzatives apropiades amb la intenci\u00f3 de garantir que, per defecte, solament siguin objecte de tractament de les dades personals que siguin necess\u00e0ries per a cada un dels dins espec\u00edfics del tractament.<\/li><li><strong>Protecci\u00f3 de dades en el cicle de vida de la informaci\u00f3:<\/strong> les mesures que garanteixin la protecci\u00f3 de les dades personals seran aplicables durant el cicle complet de la vida de la informaci\u00f3.<\/li><li><strong>Licitud, lleialtat i transpar\u00e8ncia:<\/strong> les dades personals seran tractats de manera l\u00edcita, lleial i transparent en relaci\u00f3 amb l&#8217;interessat.<\/li><li><strong>Limitaci\u00f3 de la finalitat: <\/strong>les dades personals seran recollits amb finalitats determinades, expl\u00edcits i leg\u00edtims, i no seran tractats ulteriorment de manera incompatible amb aquestes finalitats.<\/li><li><strong>Minimitzaci\u00f3 de dades:<\/strong> les dades personals seran adequats, pertinents i limitats al necessari en relaci\u00f3 amb les finalitats pels quals s\u00f3n tractats.<\/li><li><strong>Exactitud: <\/strong>les dades personals seran exactes i, si fos necessari, actualitzats; s&#8217;adoptaran totes les mesures raonables perqu\u00e8 se suprimeixin o rectifiquin sense dilaci\u00f3 les dades personals que siguin inexactes pel que fa a les finalitats pels quals es tracten.<\/li><li><strong>Limitaci\u00f3 del termini de conservaci\u00f3:<\/strong> les dades personals seran mantingudes de manera que es permeti la identificaci\u00f3 dels interessats durant no m\u00e9s del temps del necessari per a les finalitats del tractament de les dades personals.<\/li><li><strong>Integritat i confidencialitat:<\/strong> les dades personals seran tractats de tal manera que es garanteixi una seguretat adequada de les dades personals, inclosa la protecci\u00f3 contra el tractament no autoritzat o il\u00b7l\u00edcit i contra la seva p\u00e8rdua, destrucci\u00f3 o dany accidental, mitjan\u00e7ant l&#8217;aplicaci\u00f3 de mesures t\u00e8cniques o organitzatives apropiades.<\/li><li><strong>Informaci\u00f3 i formaci\u00f3:<\/strong> una de les claus per garantir la protecci\u00f3 de les dades personals \u00e9s la formaci\u00f3 i informaci\u00f3 que es faciliti al personal involucrat en el tractament d&#8217;aquests. Durant el cicle de vida de la informaci\u00f3, tot el personal amb acc\u00e9s a les dades ser\u00e0 convenientment format i informat sobre les seves obligacions en relaci\u00f3 amb el compliment de la normativa de protecci\u00f3 de dades.<\/li><\/ol>\n\n\n\n<p>La Pol\u00edtica de Protecci\u00f3 de Dades de <strong>JAX HONEST S.L.<\/strong> \u00e9s comunicada a tot el personal del responsable del tractament i posada a la disposici\u00f3 de totes les parts interessades.<\/p>\n\n\n\n<p>En la seva conseq\u00fc\u00e8ncia, la present Pol\u00edtica de Protecci\u00f3 de Dades involucra a tot el personal del responsable del tractament, que ha de con\u00e8ixer-la i assumir-la, considerant-la com a pr\u00f2pia, sent cada membre responsable d&#8217;aplicar-la i de verificar les normes de protecci\u00f3 de dades aplicables a la seva activitat, aix\u00ed com identificar i aportar les oportunitats de millora que consideri oportunes amb l&#8217;objectiu d&#8217;aconseguir l&#8217;excel\u00b7l\u00e8ncia en relaci\u00f3 amb el seu compliment.<\/p>\n\n\n\n<p>Aquesta Pol\u00edtica ser\u00e0 revisada per l&#8217;Adre\u00e7a \/ \u00d2rgan de Govern de <strong>JAX HONEST S.L.<\/strong>, tantes vegades com es consideri necessari, per adequar-se, a tot moment, a les disposicions vigents en mat\u00e8ria de protecci\u00f3 de dades de car\u00e0cter personal.<\/p>\n","protected":false},"excerpt":{"rendered":"<p>L&#8217;Adre\u00e7a \/ \u00d2rgan de Govern de JAX HONEST S.L. (d&#8217;ara endavant, el responsable del tractament), assumeix la m\u00e0xima responsabilitat i comprom\u00eds amb l&#8217;establiment, implementaci\u00f3 i manteniment de la present Pol\u00edtica de Protecci\u00f3 de Dades, garantint la millora cont\u00ednua del responsable del tractament amb l&#8217;objectiu d&#8217;aconseguir l&#8217;excel\u00b7l\u00e8ncia en relaci\u00f3 amb el compliment del Reglament (UE) 2016\/679 [&hellip;]<\/p>\n","protected":false},"author":1,"featured_media":0,"parent":0,"menu_order":3,"comment_status":"closed","ping_status":"open","template":"","meta":{"footnotes":""},"class_list":["post-2657","page","type-page","status-publish","hentry"],"acf":[],"yoast_head":"<!-- This site is optimized with the Yoast SEO plugin v23.0 - https:\/\/yoast.com\/wordpress\/plugins\/seo\/ -->\n<title>Pol\u00edtica de protecci\u00f3 de dades - honest<\/title>\n<meta name=\"robots\" content=\"index, follow, max-snippet:-1, max-image-preview:large, max-video-preview:-1\" \/>\n<link rel=\"canonical\" href=\"https:\/\/honestbarcelona.com\/ca\/politica-de-proteccio-de-dades\/\" \/>\n<meta property=\"og:locale\" content=\"ca_ES\" \/>\n<meta property=\"og:type\" content=\"article\" \/>\n<meta property=\"og:title\" content=\"Pol\u00edtica de protecci\u00f3 de dades - honest\" \/>\n<meta property=\"og:description\" content=\"L&#8217;Adre\u00e7a \/ \u00d2rgan de Govern de JAX HONEST S.L. (d&#8217;ara endavant, el responsable del tractament), assumeix la m\u00e0xima responsabilitat i comprom\u00eds amb l&#8217;establiment, implementaci\u00f3 i manteniment de la present Pol\u00edtica de Protecci\u00f3 de Dades, garantint la millora cont\u00ednua del responsable del tractament amb l&#8217;objectiu d&#8217;aconseguir l&#8217;excel\u00b7l\u00e8ncia en relaci\u00f3 amb el compliment del Reglament (UE) 2016\/679 [&hellip;]\" \/>\n<meta property=\"og:url\" content=\"https:\/\/honestbarcelona.com\/ca\/politica-de-proteccio-de-dades\/\" \/>\n<meta property=\"og:site_name\" content=\"honest\" \/>\n<meta property=\"article:publisher\" content=\"https:\/\/www.facebook.com\/Honestbcn\/\" \/>\n<meta property=\"article:modified_time\" content=\"2022-01-24T16:25:50+00:00\" \/>\n<meta name=\"twitter:card\" content=\"summary_large_image\" \/>\n<meta name=\"twitter:label1\" content=\"Temps estimat de lectura\" \/>\n\t<meta name=\"twitter:data1\" content=\"4 minuts\" \/>\n<script type=\"application\/ld+json\" class=\"yoast-schema-graph\">{\"@context\":\"https:\/\/schema.org\",\"@graph\":[{\"@type\":\"WebPage\",\"@id\":\"https:\/\/honestbarcelona.com\/ca\/politica-de-proteccio-de-dades\/\",\"url\":\"https:\/\/honestbarcelona.com\/ca\/politica-de-proteccio-de-dades\/\",\"name\":\"Pol\u00edtica de protecci\u00f3 de dades - honest\",\"isPartOf\":{\"@id\":\"https:\/\/honestbarcelona.com\/ca\/#website\"},\"datePublished\":\"2022-01-24T15:47:50+00:00\",\"dateModified\":\"2022-01-24T16:25:50+00:00\",\"breadcrumb\":{\"@id\":\"https:\/\/honestbarcelona.com\/ca\/politica-de-proteccio-de-dades\/#breadcrumb\"},\"inLanguage\":\"ca\",\"potentialAction\":[{\"@type\":\"ReadAction\",\"target\":[\"https:\/\/honestbarcelona.com\/ca\/politica-de-proteccio-de-dades\/\"]}]},{\"@type\":\"BreadcrumbList\",\"@id\":\"https:\/\/honestbarcelona.com\/ca\/politica-de-proteccio-de-dades\/#breadcrumb\",\"itemListElement\":[{\"@type\":\"ListItem\",\"position\":1,\"name\":\"Portada\",\"item\":\"https:\/\/honestbarcelona.com\/ca\/\"},{\"@type\":\"ListItem\",\"position\":2,\"name\":\"Pol\u00edtica de protecci\u00f3 de dades\"}]},{\"@type\":\"WebSite\",\"@id\":\"https:\/\/honestbarcelona.com\/ca\/#website\",\"url\":\"https:\/\/honestbarcelona.com\/ca\/\",\"name\":\"honest\",\"description\":\"Agencia de publicidad con foco en creatividad y estrategia en Barcelona.\",\"publisher\":{\"@id\":\"https:\/\/honestbarcelona.com\/ca\/#organization\"},\"potentialAction\":[{\"@type\":\"SearchAction\",\"target\":{\"@type\":\"EntryPoint\",\"urlTemplate\":\"https:\/\/honestbarcelona.com\/ca\/?s={search_term_string}\"},\"query-input\":\"required name=search_term_string\"}],\"inLanguage\":\"ca\"},{\"@type\":\"Organization\",\"@id\":\"https:\/\/honestbarcelona.com\/ca\/#organization\",\"name\":\"Honest Barcelona\",\"url\":\"https:\/\/honestbarcelona.com\/ca\/\",\"logo\":{\"@type\":\"ImageObject\",\"inLanguage\":\"ca\",\"@id\":\"https:\/\/honestbarcelona.com\/ca\/#\/schema\/logo\/image\/\",\"url\":\"https:\/\/honestbarcelona.com\/wp-content\/uploads\/2023\/02\/Logo-Honest-Growth.jpg\",\"contentUrl\":\"https:\/\/honestbarcelona.com\/wp-content\/uploads\/2023\/02\/Logo-Honest-Growth.jpg\",\"width\":612,\"height\":342,\"caption\":\"Honest Barcelona\"},\"image\":{\"@id\":\"https:\/\/honestbarcelona.com\/ca\/#\/schema\/logo\/image\/\"},\"sameAs\":[\"https:\/\/www.facebook.com\/Honestbcn\/\",\"https:\/\/www.linkedin.com\/company\/honest-barcelona\",\"https:\/\/www.instagram.com\/honest_barcelona\/\",\"https:\/\/vimeo.com\/user45734797\"]}]}<\/script>\n<!-- \/ Yoast SEO plugin. -->","yoast_head_json":{"title":"Pol\u00edtica de protecci\u00f3 de dades - honest","robots":{"index":"index","follow":"follow","max-snippet":"max-snippet:-1","max-image-preview":"max-image-preview:large","max-video-preview":"max-video-preview:-1"},"canonical":"https:\/\/honestbarcelona.com\/ca\/politica-de-proteccio-de-dades\/","og_locale":"ca_ES","og_type":"article","og_title":"Pol\u00edtica de protecci\u00f3 de dades - honest","og_description":"L&#8217;Adre\u00e7a \/ \u00d2rgan de Govern de JAX HONEST S.L. (d&#8217;ara endavant, el responsable del tractament), assumeix la m\u00e0xima responsabilitat i comprom\u00eds amb l&#8217;establiment, implementaci\u00f3 i manteniment de la present Pol\u00edtica de Protecci\u00f3 de Dades, garantint la millora cont\u00ednua del responsable del tractament amb l&#8217;objectiu d&#8217;aconseguir l&#8217;excel\u00b7l\u00e8ncia en relaci\u00f3 amb el compliment del Reglament (UE) 2016\/679 [&hellip;]","og_url":"https:\/\/honestbarcelona.com\/ca\/politica-de-proteccio-de-dades\/","og_site_name":"honest","article_publisher":"https:\/\/www.facebook.com\/Honestbcn\/","article_modified_time":"2022-01-24T16:25:50+00:00","twitter_card":"summary_large_image","twitter_misc":{"Temps estimat de lectura":"4 minuts"},"schema":{"@context":"https:\/\/schema.org","@graph":[{"@type":"WebPage","@id":"https:\/\/honestbarcelona.com\/ca\/politica-de-proteccio-de-dades\/","url":"https:\/\/honestbarcelona.com\/ca\/politica-de-proteccio-de-dades\/","name":"Pol\u00edtica de protecci\u00f3 de dades - honest","isPartOf":{"@id":"https:\/\/honestbarcelona.com\/ca\/#website"},"datePublished":"2022-01-24T15:47:50+00:00","dateModified":"2022-01-24T16:25:50+00:00","breadcrumb":{"@id":"https:\/\/honestbarcelona.com\/ca\/politica-de-proteccio-de-dades\/#breadcrumb"},"inLanguage":"ca","potentialAction":[{"@type":"ReadAction","target":["https:\/\/honestbarcelona.com\/ca\/politica-de-proteccio-de-dades\/"]}]},{"@type":"BreadcrumbList","@id":"https:\/\/honestbarcelona.com\/ca\/politica-de-proteccio-de-dades\/#breadcrumb","itemListElement":[{"@type":"ListItem","position":1,"name":"Portada","item":"https:\/\/honestbarcelona.com\/ca\/"},{"@type":"ListItem","position":2,"name":"Pol\u00edtica de protecci\u00f3 de dades"}]},{"@type":"WebSite","@id":"https:\/\/honestbarcelona.com\/ca\/#website","url":"https:\/\/honestbarcelona.com\/ca\/","name":"honest","description":"Agencia de publicidad con foco en creatividad y estrategia en Barcelona.","publisher":{"@id":"https:\/\/honestbarcelona.com\/ca\/#organization"},"potentialAction":[{"@type":"SearchAction","target":{"@type":"EntryPoint","urlTemplate":"https:\/\/honestbarcelona.com\/ca\/?s={search_term_string}"},"query-input":"required name=search_term_string"}],"inLanguage":"ca"},{"@type":"Organization","@id":"https:\/\/honestbarcelona.com\/ca\/#organization","name":"Honest Barcelona","url":"https:\/\/honestbarcelona.com\/ca\/","logo":{"@type":"ImageObject","inLanguage":"ca","@id":"https:\/\/honestbarcelona.com\/ca\/#\/schema\/logo\/image\/","url":"https:\/\/honestbarcelona.com\/wp-content\/uploads\/2023\/02\/Logo-Honest-Growth.jpg","contentUrl":"https:\/\/honestbarcelona.com\/wp-content\/uploads\/2023\/02\/Logo-Honest-Growth.jpg","width":612,"height":342,"caption":"Honest Barcelona"},"image":{"@id":"https:\/\/honestbarcelona.com\/ca\/#\/schema\/logo\/image\/"},"sameAs":["https:\/\/www.facebook.com\/Honestbcn\/","https:\/\/www.linkedin.com\/company\/honest-barcelona","https:\/\/www.instagram.com\/honest_barcelona\/","https:\/\/vimeo.com\/user45734797"]}]}},"_links":{"self":[{"href":"https:\/\/honestbarcelona.com\/ca\/wp-json\/wp\/v2\/pages\/2657","targetHints":{"allow":["GET"]}}],"collection":[{"href":"https:\/\/honestbarcelona.com\/ca\/wp-json\/wp\/v2\/pages"}],"about":[{"href":"https:\/\/honestbarcelona.com\/ca\/wp-json\/wp\/v2\/types\/page"}],"author":[{"embeddable":true,"href":"https:\/\/honestbarcelona.com\/ca\/wp-json\/wp\/v2\/users\/1"}],"replies":[{"embeddable":true,"href":"https:\/\/honestbarcelona.com\/ca\/wp-json\/wp\/v2\/comments?post=2657"}],"version-history":[{"count":7,"href":"https:\/\/honestbarcelona.com\/ca\/wp-json\/wp\/v2\/pages\/2657\/revisions"}],"predecessor-version":[{"id":2671,"href":"https:\/\/honestbarcelona.com\/ca\/wp-json\/wp\/v2\/pages\/2657\/revisions\/2671"}],"wp:attachment":[{"href":"https:\/\/honestbarcelona.com\/ca\/wp-json\/wp\/v2\/media?parent=2657"}],"curies":[{"name":"wp","href":"https:\/\/api.w.org\/{rel}","templated":true}]}}