{"id":430,"date":"2019-08-27T20:59:18","date_gmt":"2019-08-27T18:59:18","guid":{"rendered":"https:\/\/demo.honestbarcelona.com\/politica-privacidad\/"},"modified":"2022-01-25T10:47:38","modified_gmt":"2022-01-25T09:47:38","slug":"politica-de-cookies","status":"publish","type":"page","link":"https:\/\/honestbarcelona.com\/ca\/politica-de-cookies\/","title":{"rendered":"Pol\u00edtica de cookies"},"content":{"rendered":"\n<p>Benvingut\/da a la <strong>POL\u00cdTICA DE COOKIES<\/strong> de la p\u00e0gina web de l\u2019entitat JAX HONEST S.L., amb NIF \/ CIF B66634577, on t\u2019explicarem amb un llenguatge clar i senzill totes les q\u00fcestions necess\u00e0ries perqu\u00e8 puguis tenir-ne el control a partir de les teves decisions personals.<\/p>\n\n\n\n<h3 class=\"wp-block-heading\">Qu\u00e8 son les cookies i per a qu\u00e8 les utilitzem?<\/h3>\n\n\n\n<p>Una cookie o galeta inform\u00e0tica \u00e9s un petit fitxer d\u2019informaci\u00f3 que es desa en el teu ordinador, \u201csmartphone\u201d o tauleta cada vegada que visites la nostra p\u00e0gina web.<\/p>\n\n\n\n<p>En principi, una cookie \u00e9s inofensiva: no cont\u00e9 virus, troians, cucs, etc. que puguin danyar el teu terminal, per\u00f2 s\u00ed t\u00e9 un cert impacte sobre el teu dret a la protecci\u00f3 de les teves dades personals, doncs recull determinada informaci\u00f3 referent a la teva persona (h\u00e0bits de navegaci\u00f3, identitat, prefer\u00e8ncies, etc.).<\/p>\n\n\n\n<p>\u00c9s per aix\u00f2 que, d\u2019acord amb el que estableix la normativa aplicable (LSSI i la normativa vigent de protecci\u00f3 de dades personals), l\u2019activaci\u00f3 de determinats tipus de galetes necessitar\u00e0 la teva autoritzaci\u00f3 pr\u00e8via.<\/p>\n\n\n\n<p>A trav\u00e9s d\u2019<strong>un pas tan senzill i r\u00e0pid com \u00e9s marcar una casella<\/strong> en el nostre apartat <strong>CONFIGURACI\u00d3 DE COOKIES<\/strong>, podr\u00e0s donar la teva autoritzaci\u00f3 per activar les galetes que vulguis: <strong>pren el control i gaudeix d\u2019una navegaci\u00f3 personalitzada per la nostra p\u00e0gina<\/strong>.<\/p>\n\n\n\n<h3 class=\"wp-block-heading\"><strong>Quins tipus de cookies hi ha?<\/strong><\/h3>\n\n\n\n<p>Les galetes poden ser de diferents tipus en funci\u00f3 de la seva finalitat:<\/p>\n\n\n\n<ul class=\"wp-block-list\"><li>Les galetes t\u00e8cniques s\u00f3n necess\u00e0ries perqu\u00e8 la nostra p\u00e0gina web pugui funcionar, no necessiten la teva autoritzaci\u00f3 i s\u00f3n les \u00faniques que tenim activades per defecte.<\/li><\/ul>\n\n\n\n<ul class=\"wp-block-list\"><li>La resta de galetes poden servir per millorar la nostra p\u00e0gina, per personalitzar-la segons les teves prefer\u00e8ncies, o per poder mostrar-te publicitat ajustada a les teves cerques, gustos i interessos personals. Totes elles les tenim desactivades per defecte i \u00e9s necess\u00e0ria la teva autoritzaci\u00f3 pr\u00e8via per a la seva activaci\u00f3, que podr\u00e0s donar a trav\u00e9s d\u2019un pas tan senzill i r\u00e0pid com \u00e9s marcar una casella en el nostre apartat.<\/li><\/ul>\n\n\n\n<h3 class=\"wp-block-heading\">Configuraci\u00f3 de cookies<\/h3>\n\n\n\n<p>1. Algunes cookies son nostres (les anomenarem<strong> cookies pr\u00f2pies<\/strong>) i altres pertanyen a empreses externes que presten serveis per a la nostra p\u00e0gina web (les anomenarem <strong>cookies de tercers<\/strong>: un exemple podrien ser les cookies de prove\u00efdors externs com Google). En aquest sentit, \u00e9s important que s\u00e0pigues que alguns d\u2019aquests prove\u00efdors externs poden estar ubicats fora d\u2019Espanya.<\/p>\n\n\n\n<p>A nivell mundial, no tots els pa\u00efsos tenen un mateix nivell de protecci\u00f3 de dades, de fet, hi ha pa\u00efsos m\u00e9s segurs que altres (per exemple, la Uni\u00f3 Europea \u00e9s un entorn segur per a les teves dades). La nostra pol\u00edtica \u00e9s rec\u00f3rrer a prove\u00efdors de confian\u00e7a que, amb independ\u00e8ncia que es trobin ubicats o no a la Uni\u00f3 Europea, hagin adoptat les garanties adequades per a la protecci\u00f3 de la teva informaci\u00f3 personal.<\/p>\n\n\n\n<p>2. Finalment, indicar-te que, en funci\u00f3 del termini de temps que romanen actives, les cookies poden ser de dos tipus:<\/p>\n\n\n\n<p>&#8211; <strong>Cookies de sessi\u00f3:<\/strong> expiren autom\u00e0ticament quan finalitzes la sessi\u00f3 al teu ordinador, \u201csmartphone\u201d o tauleta. Solen emprar-se per conservar la informaci\u00f3 necess\u00e0ria mentre se\u2019t presta un servei en una sola ocasi\u00f3.<\/p>\n\n\n\n<p>&#8211; <strong>Cookies persistents:<\/strong> romanen emmagatzemades al teu ordinador, \u201csmartphone\u201d o tauleta durant un per\u00edode determinat, que pot variar des d\u2019uns minuts fins a diversos anys.<\/p>\n\n\n\n<h3 class=\"wp-block-heading\">Quin tipus de cookies podem utilitzar a la nostra p\u00e0gina web?<\/h3>\n\n\n\n<p>&#8211; <strong>Cookies T\u00e8cniques:<\/strong> Les galetes t\u00e8cniques son estrictament necess\u00e0ries perqu\u00e8 la nostra p\u00e0gina web funcioni i hi puguis navegar. Aquest tipus de galetes s\u00f3n les que, per exemple, ens permeten identificar-te, donar-te acc\u00e9s a determinades parts restringides de la p\u00e0gina si fos necessari, o recordar diferents opcions o serveis que ja hagis seleccionat, com les teves prefer\u00e8ncies de privacitat. Per aix\u00f2, estan activades per defecte i no \u00e9s necess\u00e0ria la teva autoritzaci\u00f3 al respecte.<\/p>\n\n\n\n<p>A trav\u00e9s de la configuraci\u00f3 del teu navegador, pots bloquejar o alertar de la pres\u00e8ncia d\u2019aquest tipus de galetes, si b\u00e9 aquest bloqueig afectar\u00e0 el correcte funcionament de les diferents funcionalitats de la nostra p\u00e0gina web.<\/p>\n\n\n\n<p>&#8211; <strong>Cookies d&#8217;An\u00e0lisi:<\/strong> Les cookies d\u2019an\u00e0lisi ens permeten estudiar la navegaci\u00f3 dels usuaris de la nostra p\u00e0gina web en general (per exemple, quines seccions de la p\u00e0gina son les m\u00e9s visitades, quins serveis s\u2019utilitzen m\u00e9s i si funcionen correctament, etc.).<\/p>\n\n\n\n<p>A partir de la informaci\u00f3 estad\u00edstica sobre la navegaci\u00f3 per la nostra p\u00e0gina web, podem millorar tant el propi funcionament de la p\u00e0gina com els diferents serveis que ofereix. Per tant, aquestes cookies no tenen una finalitat publicit\u00e0ria, sin\u00f3 que \u00fanicament serveixen perqu\u00e8 la nostra p\u00e0gina web funcioni millor, i s\u2019adapti als nostres usuaris en general.<br>Activant-les contribuir\u00e0s a aquesta millora continua.<\/p>\n\n\n\n<p>Pots activar o desactivar aquestes cookies marcant la casella corresponent, ja que estan desactivades per defecte.<\/p>\n\n\n\n<p>&#8211; <strong>Cookies de Funcionalitat i Personalitzaci\u00f3:<\/strong> Les cookies de funcionalitat ens permeten recordar les teves prefer\u00e8ncies, per personalitzar a la teva mida determinades caracter\u00edstiques i opcions generals de la nostra p\u00e0gina web, cada vegada que hi accedeixis (per exemple, l\u2019idioma en qu\u00e8 se\u2019t presenta la informaci\u00f3, les seccions marcades com a favorites, el teu tipus de navegador, etc.).<\/p>\n\n\n\n<p>Per tant, aquest tipus de cookies no tenen una finalitat publicit\u00e0ria, sin\u00f3 que en activar-les millorar\u00e0s la funcionalitat de la p\u00e0gina web (per exemple, amb l\u2019adaptaci\u00f3 al teu tipus de navegador) i la seva personalitzaci\u00f3 d\u2019acord amb les teves prefer\u00e8ncies (per exemple, presentant la informaci\u00f3 en l\u2019idioma que hagis triat en anteriors ocasions), fet que contribuir\u00e0 a la facilitat, usabilitat i comoditat de la nostra p\u00e0gina durant la teva navegaci\u00f3.<\/p>\n\n\n\n<p>Pots activar o desactivar aquestes cookies marcant la casella corresponent, ja que estan desactivades per defecte.<\/p>\n\n\n\n<p><strong>&#8211; Cookies de Publicitat:<\/strong> Les cookies de publicitat ens permeten la gesti\u00f3 dels espais publicitaris inclosos en la nostra p\u00e0gina web a partir de criteris com ara el contingut mostrat o la freq\u00fc\u00e8ncia amb qu\u00e8 es mostren els anuncis.<\/p>\n\n\n\n<p>Aix\u00ed per exemple, si se t\u2019ha mostrat v\u00e0ries vegades un mateix anunci a la nostra p\u00e0gina web i no has mostrat un inter\u00e8s personal fent-hi clic, aquest no tornar\u00e0 a apar\u00e8ixer. En resum, activant aquest tipus de cookies, la publicitat mostrada a la nostra p\u00e0gina web ser\u00e0 m\u00e9s \u00fatil i diversa, i menys repetitiva.<\/p>\n\n\n\n<p>Pots activar o desactivar aquestes cookies marcant la casella corresponent, ja que estan desactivades per defecte.<\/p>\n\n\n\n<p>&#8211; <strong>Cookies de Publicitat Comportamental:<\/strong> Les cookies de publicitat comportamental ens permeten obtenir informaci\u00f3 basada en l\u2019observaci\u00f3 dels teus h\u00e0bits i comportaments de navegaci\u00f3 a la web, a fi de poder mostrar-te continguts publicitaris que s\u2019ajustin millor als teus gustos i interessos personals.<\/p>\n\n\n\n<p>Perqu\u00e8 ho entenguis d\u2019una manera molt senzilla, et posarem un exemple fictici: si les teves \u00faltimes cerques a la web estiguessin relacionades amb la literatura de suspens, et mostrar\u00edem publicitat sobre llibres de suspens.<\/p>\n\n\n\n<p>Per tant, activant aquest tipus de cookies, la publicitat que et mostrem a la nostra p\u00e0gina web no ser\u00e0 gen\u00e8rica, sin\u00f3 que estar\u00e0 orientada a les teves cerques, gustos i interessos, i per tant, ajustada exclusivament a tu.<\/p>\n\n\n\n<p>Pots activar o desactivar aquestes cookies marcant la casella corresponent, ja que estan desactivades per defecte.<\/p>\n\n\n\n<h2 class=\"wp-block-heading\">Quin tipus de cookies s&#8217;utilitzen actualment a la nostra p\u00e0gina web?<\/h2>\n\n\n\n<p>A continuaci\u00f3, t\u2019informem sobre tots els tipus de cookies que actualment s\u2019utilitzen a la nostra p\u00e0gina web i la finalitat de cada una d\u2019elles:<\/p>\n\n\n\n<table style=\"border-collapse: collapse; width: 100%;\" border=\"1\" ;=\"\" cellpadding=\"5px\">\n<tbody>\n<tr>\n<td style=\"width: 25%; background-color: #cccccc; height: 18px; text-align: center;\">\n<p><strong>Tipus de cookies<\/strong><\/p>\n<\/td>\n<td style=\"width: 25%; background-color: #cccccc; height: 18px; text-align: center;\">\n<p><strong>Finalitat<\/strong><\/p>\n<\/td>\n<td style=\"width: 25%; background-color: #cccccc; height: 18px; text-align: center;\">\n<p><strong>Entitat responsable i enlla\u00e7 a la seva pol\u00edtica de privacitat i protecci\u00f3 de dades<\/strong><\/p>\n<\/td>\n<td style=\"width: 25%; background-color: #cccccc; height: 18px; text-align: center;\">\n<p><strong>Termini de temps (de sessi\u00f3\/persistent)<\/strong><\/p>\n<\/td>\n<\/tr>\n<tr>\n<td>\n<p><strong> _utma<\/strong><\/p>\n<\/td>\n<td>\n<p><strong>Mesurament intern Google Analytics<\/strong><\/p>\n<\/td>\n<td>\n<p><strong>honestbarcelona.com<\/strong><\/p>\n<\/td>\n<td>\n<p><strong> 2 anys<\/strong><\/p>\n<\/td>\n<\/tr>\n<tr>\n<td>\n<p><strong> _utmb<\/strong><\/p>\n<\/td>\n<td>\n<p><strong>Mesurament intern Google Analytics&nbsp;<\/strong><\/p>\n<\/td>\n<td>\n<p><strong>honestbarcelona.com<\/strong><\/p>\n<\/td>\n<td>\n<p><strong> 30 minuts<\/strong><\/p>\n<\/td>\n<\/tr>\n<tr>\n<td>\n<p><strong> _utmc<\/strong><\/p>\n<\/td>\n<td>\n<p><strong>Mesurament intern Google Analytics&nbsp;<\/strong><\/p>\n<\/td>\n<td>\n<p><strong>honestbarcelona.com<\/strong><\/p>\n<\/td>\n<td>\n<p><strong> Sessi\u00f3<\/strong><\/p>\n<\/td>\n<\/tr>\n<tr>\n<td>\n<p><strong> _utmz<\/strong><\/p>\n<\/td>\n<td>\n<p><strong>Mesurament intern Google Analytics&nbsp;<\/strong><\/p>\n<\/td>\n<td>\n<p><strong>honestbarcelona.com<\/strong><\/p>\n<\/td>\n<td>\n<p><strong> 6 mesos<\/strong><\/p>\n<\/td>\n<\/tr>\n<tr>\n<td>\n<p><strong> _utmv<\/strong><\/p>\n<\/td>\n<td>\n<p><strong>Per distingir origen dels usuaris<\/strong><\/p>\n<\/td>\n<td>\n<p><strong>honestbarcelona.com<\/strong><\/p>\n<\/td>\n<td>\n<p><strong> 2 anys<\/strong><\/p>\n<\/td>\n<\/tr>\n<tr>\n<td>\n<p><strong> _ga<\/strong><\/p>\n<\/td>\n<td>\n<p><strong>Per distingir els usuaris<\/strong><\/p>\n<\/td>\n<td>\n<p><strong>honestbarcelona.com<\/strong><\/p>\n<\/td>\n<td>\n<p><strong> 2 anys<\/strong><\/p>\n<\/td>\n<\/tr>\n<tr>\n<td>\n<p><strong> _git<\/strong><\/p>\n<\/td>\n<td>\n<p><strong>Per distingir els usuaris<\/strong><\/p>\n<\/td>\n<td>\n<p><strong>honestbarcelona.com<\/strong><\/p>\n<\/td>\n<td>\n<p><strong> 24 hores<\/strong><\/p>\n<\/td>\n<\/tr>\n<tr>\n<td>\n<p><strong> _gat<\/strong><\/p>\n<\/td>\n<td>\n<p><strong>Per limitar el percentatge de sol\u00b7licituds<\/strong><\/p>\n<\/td>\n<td>\n<p><strong>honestbarcelona.com<\/strong><\/p>\n<\/td>\n<td>\n<p><strong> 1 minut<\/strong><\/p>\n<\/td>\n<\/tr>\n<\/tbody>\n<\/table>\n\n\n\n<h2 class=\"wp-block-heading\">Qu\u00e8 pots fer amb les cookies?<\/h2>\n\n\n\n<p>Quan accedeixes per primera vegada a la nostra p\u00e0gina web, se\u2019t mostra una finestra en la qual t\u2019informem que les cookies poden ser de diversos tipus:<\/p>\n\n\n\n<p>&#8211; Les cookies t\u00e8cniques s\u00f3n necess\u00e0ries perqu\u00e8 la nostra p\u00e0gina web pugui funcionar, no necessiten la teva autoritzaci\u00f3 i s\u00f3n les \u00faniques que tenim activades per defecte. Per tant, s\u00f3n les \u00faniques galetes que estaran actives nom\u00e9s prement el bot\u00f3 <strong>ACCEPTAR<\/strong>.<\/p>\n\n\n\n<p>&#8211; La resta de cookies serveixen per millorar la nostra p\u00e0gina, per personalitzar-la d\u2019acord amb les teves prefer\u00e8ncies, o per poder mostrar-te publicitat ajustada a les teves cerques, gustos i interessos personals. Totes elles les tenim desactivades per defecte, per\u00f2 pots activar-les en el nostre apartat <strong>CONFIGURACI\u00d3 DE COOKIES<\/strong>: pren el control i gaudeix<br>d\u2019una navegaci\u00f3 personalitzada a la nostra p\u00e0gina, amb un pas tan senzill i r\u00e0pid com \u00e9s marcar les caselles que tu vulguis.<\/p>\n\n\n\n<p>Informar-te tamb\u00e9 que, una vegada hagis activat qualsevol tipus de cookies, tens la possibilitat de desactivar-les en el moment que vulguis, nom\u00e9s desmarcant la casella corresponent en l\u2019apartat <strong>CONFIGURACI\u00d3 DE COOKIES<\/strong> de la nostra p\u00e0gina web. Per a tu, tant activar les nostres cookies pr\u00f2pies com desactivar-les, sempre ser\u00e0 aix\u00ed de senzill.<\/p>\n\n\n\n<p>Recordar-te aix\u00ed mateix que, a trav\u00e9s de la configuraci\u00f3 del teu navegador, pots bloquejar o alertar de la pres\u00e8ncia de cookies, si b\u00e9 aquest bloqueig pot afectar el correcte funcionament de les diferents funcionalitats de la nostra p\u00e0gina web en el cas de les cookies t\u00e8cniques necess\u00e0ries.<\/p>\n\n\n\n<p><br>Per \u00faltim, indicar-te que, si actives <strong>cookies de tercers<\/strong> (empreses externes que presten serveis per a la nostra p\u00e0gina web) i posteriorment desitges desactivar-les, podr\u00e0s fer-ho de dues formes: utilitzant les eines de desactivaci\u00f3 de cookies del teu navegador o a trav\u00e9s dels propis sistemes habilitats per aquests prove\u00efdors externs.<\/p>\n\n\n\n<p>Perqu\u00e8 et sigui molt m\u00e9s f\u00e0cil, a continuaci\u00f3 et relacionem una s\u00e8rie d\u2019enlla\u00e7os a les pautes de desactivaci\u00f3 de galetes dels navegadors d\u2019\u00fas com\u00fa:<\/p>\n\n\n\n<ul class=\"wp-block-list\"><li><a href=\"https:\/\/support.google.com\/accounts\/answer\/61416?co=GENIE.Platform%3DDesktop&amp;hl=es\">Google Chrome<\/a><\/li><li><a href=\"https:\/\/support.mozilla.org\/es\/kb\/Borrar%20cookies\">Mozilla Firefox<\/a><\/li><li><a href=\"https:\/\/support.microsoft.com\/es-es\/help\/278835\/how-to-delete-cookie-files-in-internet-explorer\">Internet Explorer<\/a><\/li><li><a href=\"https:\/\/support.apple.com\/es-es\/guide\/safari\/sfri11471\/mac\">Safari<\/a><\/li><li><a href=\"https:\/\/support.apple.com\/es-es\/HT201265\">Safari para IOS (iPhone y iPad)<\/a><\/li><li><a href=\"https:\/\/support.google.com\/accounts\/answer\/61416?co=GENIE.Platform%3DAndroid&amp;hl=es&amp;oco=1\">Google Chrome para Android<\/a><\/li><li><a href=\"https:\/\/support.google.com\/accounts\/answer\/61416?co=GENIE.Platform%3DiOS&amp;hl=es&amp;oco=1\">Google Chrome para Iphone y Ipad<\/a><\/li><\/ul>\n","protected":false},"excerpt":{"rendered":"<p>Benvingut\/da a la POL\u00cdTICA DE COOKIES de la p\u00e0gina web de l\u2019entitat JAX HONEST S.L., amb NIF \/ CIF B66634577, on t\u2019explicarem amb un llenguatge clar i senzill totes les q\u00fcestions necess\u00e0ries perqu\u00e8 puguis tenir-ne el control a partir de les teves decisions personals. Qu\u00e8 son les cookies i per a qu\u00e8 les utilitzem? Una [&hellip;]<\/p>\n","protected":false},"author":1,"featured_media":0,"parent":0,"menu_order":3,"comment_status":"closed","ping_status":"open","template":"","meta":{"footnotes":""},"class_list":["post-430","page","type-page","status-publish","hentry"],"acf":[],"yoast_head":"<!-- This site is optimized with the Yoast SEO plugin v23.0 - https:\/\/yoast.com\/wordpress\/plugins\/seo\/ -->\n<title>Pol\u00edtica de cookies - honest<\/title>\n<meta name=\"robots\" content=\"index, follow, max-snippet:-1, max-image-preview:large, max-video-preview:-1\" \/>\n<link rel=\"canonical\" href=\"https:\/\/honestbarcelona.com\/ca\/politica-de-cookies\/\" \/>\n<meta property=\"og:locale\" content=\"ca_ES\" \/>\n<meta property=\"og:type\" content=\"article\" \/>\n<meta property=\"og:title\" content=\"Pol\u00edtica de cookies - honest\" \/>\n<meta property=\"og:description\" content=\"Benvingut\/da a la POL\u00cdTICA DE COOKIES de la p\u00e0gina web de l\u2019entitat JAX HONEST S.L., amb NIF \/ CIF B66634577, on t\u2019explicarem amb un llenguatge clar i senzill totes les q\u00fcestions necess\u00e0ries perqu\u00e8 puguis tenir-ne el control a partir de les teves decisions personals. Qu\u00e8 son les cookies i per a qu\u00e8 les utilitzem? Una [&hellip;]\" \/>\n<meta property=\"og:url\" content=\"https:\/\/honestbarcelona.com\/ca\/politica-de-cookies\/\" \/>\n<meta property=\"og:site_name\" content=\"honest\" \/>\n<meta property=\"article:publisher\" content=\"https:\/\/www.facebook.com\/Honestbcn\/\" \/>\n<meta property=\"article:modified_time\" content=\"2022-01-25T09:47:38+00:00\" \/>\n<meta name=\"twitter:card\" content=\"summary_large_image\" \/>\n<meta name=\"twitter:label1\" content=\"Temps estimat de lectura\" \/>\n\t<meta name=\"twitter:data1\" content=\"9 minuts\" \/>\n<script type=\"application\/ld+json\" class=\"yoast-schema-graph\">{\"@context\":\"https:\/\/schema.org\",\"@graph\":[{\"@type\":\"WebPage\",\"@id\":\"https:\/\/honestbarcelona.com\/ca\/politica-de-cookies\/\",\"url\":\"https:\/\/honestbarcelona.com\/ca\/politica-de-cookies\/\",\"name\":\"Pol\u00edtica de cookies - honest\",\"isPartOf\":{\"@id\":\"https:\/\/honestbarcelona.com\/ca\/#website\"},\"datePublished\":\"2019-08-27T18:59:18+00:00\",\"dateModified\":\"2022-01-25T09:47:38+00:00\",\"breadcrumb\":{\"@id\":\"https:\/\/honestbarcelona.com\/ca\/politica-de-cookies\/#breadcrumb\"},\"inLanguage\":\"ca\",\"potentialAction\":[{\"@type\":\"ReadAction\",\"target\":[\"https:\/\/honestbarcelona.com\/ca\/politica-de-cookies\/\"]}]},{\"@type\":\"BreadcrumbList\",\"@id\":\"https:\/\/honestbarcelona.com\/ca\/politica-de-cookies\/#breadcrumb\",\"itemListElement\":[{\"@type\":\"ListItem\",\"position\":1,\"name\":\"Portada\",\"item\":\"https:\/\/honestbarcelona.com\/ca\/\"},{\"@type\":\"ListItem\",\"position\":2,\"name\":\"Pol\u00edtica de cookies\"}]},{\"@type\":\"WebSite\",\"@id\":\"https:\/\/honestbarcelona.com\/ca\/#website\",\"url\":\"https:\/\/honestbarcelona.com\/ca\/\",\"name\":\"honest\",\"description\":\"Agencia de publicidad con foco en creatividad y estrategia en Barcelona.\",\"publisher\":{\"@id\":\"https:\/\/honestbarcelona.com\/ca\/#organization\"},\"potentialAction\":[{\"@type\":\"SearchAction\",\"target\":{\"@type\":\"EntryPoint\",\"urlTemplate\":\"https:\/\/honestbarcelona.com\/ca\/?s={search_term_string}\"},\"query-input\":\"required name=search_term_string\"}],\"inLanguage\":\"ca\"},{\"@type\":\"Organization\",\"@id\":\"https:\/\/honestbarcelona.com\/ca\/#organization\",\"name\":\"Honest Barcelona\",\"url\":\"https:\/\/honestbarcelona.com\/ca\/\",\"logo\":{\"@type\":\"ImageObject\",\"inLanguage\":\"ca\",\"@id\":\"https:\/\/honestbarcelona.com\/ca\/#\/schema\/logo\/image\/\",\"url\":\"https:\/\/honestbarcelona.com\/wp-content\/uploads\/2023\/02\/Logo-Honest-Growth.jpg\",\"contentUrl\":\"https:\/\/honestbarcelona.com\/wp-content\/uploads\/2023\/02\/Logo-Honest-Growth.jpg\",\"width\":612,\"height\":342,\"caption\":\"Honest Barcelona\"},\"image\":{\"@id\":\"https:\/\/honestbarcelona.com\/ca\/#\/schema\/logo\/image\/\"},\"sameAs\":[\"https:\/\/www.facebook.com\/Honestbcn\/\",\"https:\/\/www.linkedin.com\/company\/honest-barcelona\",\"https:\/\/www.instagram.com\/honest_barcelona\/\",\"https:\/\/vimeo.com\/user45734797\"]}]}<\/script>\n<!-- \/ Yoast SEO plugin. -->","yoast_head_json":{"title":"Pol\u00edtica de cookies - honest","robots":{"index":"index","follow":"follow","max-snippet":"max-snippet:-1","max-image-preview":"max-image-preview:large","max-video-preview":"max-video-preview:-1"},"canonical":"https:\/\/honestbarcelona.com\/ca\/politica-de-cookies\/","og_locale":"ca_ES","og_type":"article","og_title":"Pol\u00edtica de cookies - honest","og_description":"Benvingut\/da a la POL\u00cdTICA DE COOKIES de la p\u00e0gina web de l\u2019entitat JAX HONEST S.L., amb NIF \/ CIF B66634577, on t\u2019explicarem amb un llenguatge clar i senzill totes les q\u00fcestions necess\u00e0ries perqu\u00e8 puguis tenir-ne el control a partir de les teves decisions personals. Qu\u00e8 son les cookies i per a qu\u00e8 les utilitzem? Una [&hellip;]","og_url":"https:\/\/honestbarcelona.com\/ca\/politica-de-cookies\/","og_site_name":"honest","article_publisher":"https:\/\/www.facebook.com\/Honestbcn\/","article_modified_time":"2022-01-25T09:47:38+00:00","twitter_card":"summary_large_image","twitter_misc":{"Temps estimat de lectura":"9 minuts"},"schema":{"@context":"https:\/\/schema.org","@graph":[{"@type":"WebPage","@id":"https:\/\/honestbarcelona.com\/ca\/politica-de-cookies\/","url":"https:\/\/honestbarcelona.com\/ca\/politica-de-cookies\/","name":"Pol\u00edtica de cookies - honest","isPartOf":{"@id":"https:\/\/honestbarcelona.com\/ca\/#website"},"datePublished":"2019-08-27T18:59:18+00:00","dateModified":"2022-01-25T09:47:38+00:00","breadcrumb":{"@id":"https:\/\/honestbarcelona.com\/ca\/politica-de-cookies\/#breadcrumb"},"inLanguage":"ca","potentialAction":[{"@type":"ReadAction","target":["https:\/\/honestbarcelona.com\/ca\/politica-de-cookies\/"]}]},{"@type":"BreadcrumbList","@id":"https:\/\/honestbarcelona.com\/ca\/politica-de-cookies\/#breadcrumb","itemListElement":[{"@type":"ListItem","position":1,"name":"Portada","item":"https:\/\/honestbarcelona.com\/ca\/"},{"@type":"ListItem","position":2,"name":"Pol\u00edtica de cookies"}]},{"@type":"WebSite","@id":"https:\/\/honestbarcelona.com\/ca\/#website","url":"https:\/\/honestbarcelona.com\/ca\/","name":"honest","description":"Agencia de publicidad con foco en creatividad y estrategia en Barcelona.","publisher":{"@id":"https:\/\/honestbarcelona.com\/ca\/#organization"},"potentialAction":[{"@type":"SearchAction","target":{"@type":"EntryPoint","urlTemplate":"https:\/\/honestbarcelona.com\/ca\/?s={search_term_string}"},"query-input":"required name=search_term_string"}],"inLanguage":"ca"},{"@type":"Organization","@id":"https:\/\/honestbarcelona.com\/ca\/#organization","name":"Honest Barcelona","url":"https:\/\/honestbarcelona.com\/ca\/","logo":{"@type":"ImageObject","inLanguage":"ca","@id":"https:\/\/honestbarcelona.com\/ca\/#\/schema\/logo\/image\/","url":"https:\/\/honestbarcelona.com\/wp-content\/uploads\/2023\/02\/Logo-Honest-Growth.jpg","contentUrl":"https:\/\/honestbarcelona.com\/wp-content\/uploads\/2023\/02\/Logo-Honest-Growth.jpg","width":612,"height":342,"caption":"Honest Barcelona"},"image":{"@id":"https:\/\/honestbarcelona.com\/ca\/#\/schema\/logo\/image\/"},"sameAs":["https:\/\/www.facebook.com\/Honestbcn\/","https:\/\/www.linkedin.com\/company\/honest-barcelona","https:\/\/www.instagram.com\/honest_barcelona\/","https:\/\/vimeo.com\/user45734797"]}]}},"_links":{"self":[{"href":"https:\/\/honestbarcelona.com\/ca\/wp-json\/wp\/v2\/pages\/430","targetHints":{"allow":["GET"]}}],"collection":[{"href":"https:\/\/honestbarcelona.com\/ca\/wp-json\/wp\/v2\/pages"}],"about":[{"href":"https:\/\/honestbarcelona.com\/ca\/wp-json\/wp\/v2\/types\/page"}],"author":[{"embeddable":true,"href":"https:\/\/honestbarcelona.com\/ca\/wp-json\/wp\/v2\/users\/1"}],"replies":[{"embeddable":true,"href":"https:\/\/honestbarcelona.com\/ca\/wp-json\/wp\/v2\/comments?post=430"}],"version-history":[{"count":10,"href":"https:\/\/honestbarcelona.com\/ca\/wp-json\/wp\/v2\/pages\/430\/revisions"}],"predecessor-version":[{"id":2699,"href":"https:\/\/honestbarcelona.com\/ca\/wp-json\/wp\/v2\/pages\/430\/revisions\/2699"}],"wp:attachment":[{"href":"https:\/\/honestbarcelona.com\/ca\/wp-json\/wp\/v2\/media?parent=430"}],"curies":[{"name":"wp","href":"https:\/\/api.w.org\/{rel}","templated":true}]}}