{"id":1990,"date":"2022-01-19T18:19:16","date_gmt":"2022-01-19T17:19:16","guid":{"rendered":"https:\/\/demo.honestbarcelona.com\/?page_id=1990"},"modified":"2022-01-25T12:23:09","modified_gmt":"2022-01-25T11:23:09","slug":"politica-de-privacidad","status":"publish","type":"page","link":"https:\/\/honestbarcelona.com\/es\/politica-de-privacidad\/","title":{"rendered":"Pol\u00edtica de privacidad"},"content":{"rendered":"\n<p><strong>INFORMACI\u00d3N EN CUMPLIMIENTO DE LA NORMATIVA DE PROTECCI\u00d3N DE DATOS PERSONALES<\/strong><\/p>\n\n\n\n<p>En Europa y en Espa\u00f1a existen normas de protecci\u00f3n de datos pensadas para proteger su informaci\u00f3n personal de obligado cumplimiento para nuestra entidad.<\/p>\n\n\n\n<p>Por ello, es muy importante para nosotros que entienda perfectamente qu\u00e9 vamos a hacer con los datos personales que le pedimos.<\/p>\n\n\n\n<p>As\u00ed, seremos transparentes y le daremos el control de sus datos, con un lenguaje sencillo y opciones claras que le permitir\u00e1n decidir qu\u00e9 haremos con su informaci\u00f3n personal.<\/p>\n\n\n\n<p>Por favor, si una vez le\u00edda la presente informaci\u00f3n le queda alguna duda, no dude en preguntarnos.<\/p>\n\n\n\n<p>Muchas gracias por su colaboraci\u00f3n.<\/p>\n\n\n\n<h3 class=\"wp-block-heading\">\u00bfQuienes somos?<\/h3>\n\n\n\n<p>Nuestra denominaci\u00f3n: JAX HONEST S.L.<br>Nuestro CIF \/ NIF: B66634577<br>Nuestra actividad principal: Ag\u00e9ncia de consultor\u00eda en marketing y desarrollo de campa\u00f1as publicitarias y digital.<br>Nuestra direcci\u00f3n: Comte Borrell 62, 5-2, CP 08015, Barcelona (Barcelona)<br>Nuestro tel\u00e9fono de contacto: +34 935 394 735<br>Nuestra direcci\u00f3n de correo electr\u00f3nico de contacto: hello@honestbarcelona.com<br>Nuestra p\u00e1gina web:&nbsp;<a href=\"https:\/\/www.honestbarcelona.com\/\">www.honestbarcelona.com<\/a><\/p>\n\n\n\n<p>Para su confianza y seguridad, le informamos que somos una entidad inscrita en el siguiente Registro Mercantil \/Registro P\u00fablico: Reg. Merc. Barcelona: Tomo: 45.046; Folio: 91 Hoja: 475344 Inscripci\u00f3n: 2<\/p>\n\n\n\n<p>Estamos a su disposici\u00f3n, no dude en contactar con nosotros.<\/p>\n\n\n\n<h3 class=\"wp-block-heading\"><strong>\u00bfPara qu\u00e9 vamos a usar sus datos?<\/strong><\/h3>\n\n\n\n<p>Con car\u00e1cter general, sus datos personales ser\u00e1n usados para poder relacionarnos con usted y poder prestarle nuestros servicios. Asimismo, tambi\u00e9n pueden ser usados para otras actividades, como enviarle publicidad o promocionar nuestras actividades.<\/p>\n\n\n\n<h3 class=\"wp-block-heading\"><strong>\u00bf<strong>Por qu\u00e9 necesitamos usar sus datos<\/strong>?<\/strong><\/h3>\n\n\n\n<p>Sus datos personales son necesarios para poder relacionarnos con usted y poder prestarle nuestros servicios. En este sentido, pondremos a su disposici\u00f3n una serie de casillas que le permitir\u00e1n decidir de manera clara y sencilla sobre el uso de su informaci\u00f3n personal.<\/p>\n\n\n\n<h3 class=\"wp-block-heading\"><strong>\u00bf<strong><strong>Qui\u00e9n va a conocer la informaci\u00f3n que le pedimos<\/strong><\/strong>?<\/strong><\/h3>\n\n\n\n<p>Con car\u00e1cter general, s\u00f3lo el personal de nuestra entidad que est\u00e9 debidamente autorizado podr\u00e1 tener conocimiento de la informaci\u00f3n que le pedimos.<\/p>\n\n\n\n<p>De igual modo, podr\u00e1n tener conocimiento de su informaci\u00f3n personal aquellas entidades que necesiten tener acceso a la misma para que podamos prestarle nuestros servicios. As\u00ed por ejemplo, nuestro banco conocer\u00e1 sus datos si el pago de nuestros servicios se realiza mediante tarjeta o transferencia bancaria.<\/p>\n\n\n\n<p>Asimismo, tendr\u00e1n conocimiento de su informaci\u00f3n aquellas entidades p\u00fablicas o privadas a las cuales estemos obligados a facilitar sus datos personales con motivo del cumplimiento de alguna ley. Poni\u00e9ndole un ejemplo, la Ley Tributaria obliga a facilitar a la Agencia Tributaria determinada informaci\u00f3n sobre operaciones econ\u00f3micas que superen una determinada cantidad.<\/p>\n\n\n\n<p>En el caso de que, al margen de los supuestos comentados, necesitemos dar a conocer su informaci\u00f3n personal a otras entidades, le solicitaremos previamente su permiso a trav\u00e9s de opciones claras que le permitir\u00e1n decidir a este respecto.<\/p>\n\n\n\n<h3 class=\"wp-block-heading\"><strong>\u00bf<strong><strong><strong>C\u00f3mo vamos a proteger sus datos<\/strong><\/strong><\/strong>?<\/strong><\/h3>\n\n\n\n<p>Protegeremos sus datos con medidas de seguridad eficaces en funci\u00f3n de los riesgos que conlleve el uso de su informaci\u00f3n.<\/p>\n\n\n\n<p>Para ello, nuestra entidad ha aprobado una Pol\u00edtica de Protecci\u00f3n de Datos y se realizan controles y auditor\u00edas anuales para verificar que sus datos personales est\u00e1n seguros en todo momento.<\/p>\n\n\n\n<h3 class=\"wp-block-heading\"><strong>\u00bfEnviaremos sus datos a otros pa\u00edses?<\/strong><\/h3>\n\n\n\n<p>En el mundo hay pa\u00edses que son seguros para sus datos y otros que no lo son tanto. As\u00ed por ejemplo, la Uni\u00f3n Europea es un entorno seguro para sus datos. Nuestra pol\u00edtica es no enviar su informaci\u00f3n personal a ning\u00fan pa\u00eds que no sea seguro desde el punto de vista de la protecci\u00f3n de sus datos.<\/p>\n\n\n\n<p>En el caso de que, con motivo de prestarle el servicio, sea imprescindible enviar sus datos a un pa\u00eds que no sea tan seguro como Espa\u00f1a, siempre le solicitaremos previamente su permiso y aplicaremos medidas de seguridad eficaces que reduzcan los riesgos del env\u00edo de su informaci\u00f3n personal a otro pa\u00eds.<\/p>\n\n\n\n<h3 class=\"wp-block-heading\"><strong>\u00bfDurante cu\u00e1nto tiempo vamos a conservar sus datos?<\/strong><\/h3>\n\n\n\n<p>Conservaremos sus datos durante nuestra relaci\u00f3n y mientras nos obliguen las leyes. Una vez finalizados los plazos legales aplicables, procederemos a eliminarlos de forma segura y respetuosa con el medio ambiente.<\/p>\n\n\n\n<h3 class=\"wp-block-heading\"><strong>\u00bf<strong>Cu\u00e1les son sus derechos de protecci\u00f3n de datos<\/strong>?<\/strong><\/h3>\n\n\n\n<p>En cualquier momento puede dirigirse a nosotros para saber qu\u00e9 informaci\u00f3n tenemos sobre usted, rectificarla si fuese incorrecta y eliminarla una vez finalizada nuestra relaci\u00f3n, en el caso de que ello sea legalmente posible. Tambi\u00e9n tiene derecho a solicitar el traspaso de su informaci\u00f3n a otra entidad. Este derecho se llama \u201cportabilidad\u201d y puede ser \u00fatil en determinadas situaciones. Para solicitar alguno de estos derechos, deber\u00e1 realizar una solicitud escrita a nuestra direcci\u00f3n, junto con una fotocopia de su DNI, para poder identificarle. En las oficinas de nuestra entidad disponemos de formularios espec\u00edficos para solicitar dichos derechos y le ofrecemos nuestra ayuda para su cumplimentaci\u00f3n. Para saber m\u00e1s sobre sus derechos de protecci\u00f3n de datos, puede consultar la p\u00e1gina web de la Agencia Espa\u00f1ola de Protecci\u00f3n de Datos (<a href=\"http:\/\/www.agpd.es\/\">www.agpd.es<\/a>).<\/p>\n\n\n\n<h3 class=\"wp-block-heading\"><strong>Pot retirar el seu consentiment si canvia d&#8217;opini\u00f3 en un moment posterior?<\/strong><\/h3>\n\n\n\n<p>Vost\u00e8 pot retirar el seu consentiment si canvia d&#8217;opini\u00f3 sobre l&#8217;\u00fas de les seves dades a qualsevol moment.<\/p>\n\n\n\n<p>Aix\u00ed per exemple, si vost\u00e8 en el seu moment va estar interessat\/a a rebre publicitat dels nostres productes o serveis, per\u00f2 ja no desitja rebre m\u00e9s publicitat, pot fer-nos-ho constar a trav\u00e9s del formulari d&#8217;oposici\u00f3 al tractament disponible en les oficines de la nostra entitat.<\/p>\n\n\n\n<h3 class=\"wp-block-heading\"><strong><strong>En el cas que entengui que els seus drets han estat desatesos, on pot formular una reclamaci\u00f3?<\/strong><\/strong><\/h3>\n\n\n\n<p>En el cas que entengui que els seus drets han estat desatesos per la nostra entitat, pot formular una reclamaci\u00f3 en l&#8217;Ag\u00e8ncia Espanyola de Protecci\u00f3 de Dades, a trav\u00e9s d&#8217;algun dels mitjans seg\u00fcents:<\/p>\n\n\n\n<ul class=\"wp-block-list\"><li>Seu electr\u00f2nica:\u00a0<a href=\"http:\/\/www.agpd.es\/\">www.agpd.es<\/a><\/li><li>Adre\u00e7a postal:<br>Agencia Espa\u00f1ola de Protecci\u00f3n de Datos<br>C\/ Jorge Juan, 6<br>28001-Madrid<\/li><li>Via telef\u00f2nica:<br>Telf. 901 100 099<br>Telf. 91 266 35 17<\/li><\/ul>\n\n\n\n<p>Formular una reclamaci\u00f3 en l&#8217;Ag\u00e8ncia Espanyola de Protecci\u00f3 de Dades no comporta cap cost i no \u00e9s necess\u00e0ria l&#8217;assist\u00e8ncia d&#8217;advocat ni procurador.<\/p>\n\n\n\n<h3 class=\"wp-block-heading\"><strong><strong>Elaborarem perfils sobre vost\u00e8?<\/strong><\/strong><\/h3>\n\n\n\n<p>La nostra pol\u00edtica \u00e9s no elaborar perfils sobre els usuaris dels nostres serveis.<\/p>\n\n\n\n<p>No obstant aix\u00f2, poden existir situacions en les quals, amb finalitats de prestaci\u00f3 del servei, comercials o d&#8217;un altre tipus, necessitem elaborar perfils d&#8217;informaci\u00f3 sobre vost\u00e8. Un exemple podria ser la utilitzaci\u00f3 del seu historial de compres o serveis per poder oferir-li productes o serveis adaptats als seus gustos o necessitats.<\/p>\n\n\n\n<p>En tal cas, aplicarem mesures de seguretat eficaces que protegeixin la seva informaci\u00f3 en tot moment de persones no autoritzades que pretenguin utilitzar-la en el seu propi benefici.<\/p>\n\n\n\n<h3 class=\"wp-block-heading\"><strong><strong><strong>Utilitzarem les seves dades per a altres finalitats?<\/strong><\/strong><\/strong><\/h3>\n\n\n\n<p>La nostra pol\u00edtica \u00e9s no utilitzar les seves dades per a altres finalitats diferents de les quals li hem explicat. Si, no obstant aix\u00f2, necessit\u00e9ssim utilitzar les seves dades per a activitats diferents, sempre li sol\u00b7licitarem pr\u00e8viament el seu perm\u00eds a trav\u00e9s d&#8217;opcions clares que li permetran decidir sobre aquest tema.<\/p>\n","protected":false},"excerpt":{"rendered":"<p>INFORMACI\u00d3N EN CUMPLIMIENTO DE LA NORMATIVA DE PROTECCI\u00d3N DE DATOS PERSONALES En Europa y en Espa\u00f1a existen normas de protecci\u00f3n de datos pensadas para proteger su informaci\u00f3n personal de obligado cumplimiento para nuestra entidad. Por ello, es muy importante para nosotros que entienda perfectamente qu\u00e9 vamos a hacer con los datos personales que le pedimos. [&hellip;]<\/p>\n","protected":false},"author":1,"featured_media":0,"parent":0,"menu_order":3,"comment_status":"closed","ping_status":"open","template":"","meta":{"footnotes":""},"class_list":["post-1990","page","type-page","status-publish","hentry"],"acf":[],"yoast_head":"<!-- This site is optimized with the Yoast SEO plugin v23.0 - https:\/\/yoast.com\/wordpress\/plugins\/seo\/ -->\n<title>Pol\u00edtica de privacidad - honest<\/title>\n<meta name=\"robots\" content=\"index, follow, max-snippet:-1, max-image-preview:large, max-video-preview:-1\" \/>\n<link rel=\"canonical\" href=\"https:\/\/honestbarcelona.com\/es\/politica-de-privacidad\/\" \/>\n<meta property=\"og:locale\" content=\"es_ES\" \/>\n<meta property=\"og:type\" content=\"article\" \/>\n<meta property=\"og:title\" content=\"Pol\u00edtica de privacidad - honest\" \/>\n<meta property=\"og:description\" content=\"INFORMACI\u00d3N EN CUMPLIMIENTO DE LA NORMATIVA DE PROTECCI\u00d3N DE DATOS PERSONALES En Europa y en Espa\u00f1a existen normas de protecci\u00f3n de datos pensadas para proteger su informaci\u00f3n personal de obligado cumplimiento para nuestra entidad. Por ello, es muy importante para nosotros que entienda perfectamente qu\u00e9 vamos a hacer con los datos personales que le pedimos. [&hellip;]\" \/>\n<meta property=\"og:url\" content=\"https:\/\/honestbarcelona.com\/es\/politica-de-privacidad\/\" \/>\n<meta property=\"og:site_name\" content=\"honest\" \/>\n<meta property=\"article:publisher\" content=\"https:\/\/www.facebook.com\/Honestbcn\/\" \/>\n<meta property=\"article:modified_time\" content=\"2022-01-25T11:23:09+00:00\" \/>\n<meta name=\"twitter:card\" content=\"summary_large_image\" \/>\n<meta name=\"twitter:label1\" content=\"Tiempo de lectura\" \/>\n\t<meta name=\"twitter:data1\" content=\"6 minutos\" \/>\n<script type=\"application\/ld+json\" class=\"yoast-schema-graph\">{\"@context\":\"https:\/\/schema.org\",\"@graph\":[{\"@type\":\"WebPage\",\"@id\":\"https:\/\/honestbarcelona.com\/es\/politica-de-privacidad\/\",\"url\":\"https:\/\/honestbarcelona.com\/es\/politica-de-privacidad\/\",\"name\":\"Pol\u00edtica de privacidad - honest\",\"isPartOf\":{\"@id\":\"https:\/\/honestbarcelona.com\/es\/#website\"},\"datePublished\":\"2022-01-19T17:19:16+00:00\",\"dateModified\":\"2022-01-25T11:23:09+00:00\",\"breadcrumb\":{\"@id\":\"https:\/\/honestbarcelona.com\/es\/politica-de-privacidad\/#breadcrumb\"},\"inLanguage\":\"es\",\"potentialAction\":[{\"@type\":\"ReadAction\",\"target\":[\"https:\/\/honestbarcelona.com\/es\/politica-de-privacidad\/\"]}]},{\"@type\":\"BreadcrumbList\",\"@id\":\"https:\/\/honestbarcelona.com\/es\/politica-de-privacidad\/#breadcrumb\",\"itemListElement\":[{\"@type\":\"ListItem\",\"position\":1,\"name\":\"Portada\",\"item\":\"https:\/\/honestbarcelona.com\/es\/\"},{\"@type\":\"ListItem\",\"position\":2,\"name\":\"Pol\u00edtica de privacidad\"}]},{\"@type\":\"WebSite\",\"@id\":\"https:\/\/honestbarcelona.com\/es\/#website\",\"url\":\"https:\/\/honestbarcelona.com\/es\/\",\"name\":\"honest\",\"description\":\"Agencia de publicidad con foco en creatividad y estrategia en Barcelona.\",\"publisher\":{\"@id\":\"https:\/\/honestbarcelona.com\/es\/#organization\"},\"potentialAction\":[{\"@type\":\"SearchAction\",\"target\":{\"@type\":\"EntryPoint\",\"urlTemplate\":\"https:\/\/honestbarcelona.com\/es\/?s={search_term_string}\"},\"query-input\":\"required name=search_term_string\"}],\"inLanguage\":\"es\"},{\"@type\":\"Organization\",\"@id\":\"https:\/\/honestbarcelona.com\/es\/#organization\",\"name\":\"Honest Barcelona\",\"url\":\"https:\/\/honestbarcelona.com\/es\/\",\"logo\":{\"@type\":\"ImageObject\",\"inLanguage\":\"es\",\"@id\":\"https:\/\/honestbarcelona.com\/es\/#\/schema\/logo\/image\/\",\"url\":\"https:\/\/honestbarcelona.com\/wp-content\/uploads\/2023\/02\/Logo-Honest-Growth.jpg\",\"contentUrl\":\"https:\/\/honestbarcelona.com\/wp-content\/uploads\/2023\/02\/Logo-Honest-Growth.jpg\",\"width\":612,\"height\":342,\"caption\":\"Honest Barcelona\"},\"image\":{\"@id\":\"https:\/\/honestbarcelona.com\/es\/#\/schema\/logo\/image\/\"},\"sameAs\":[\"https:\/\/www.facebook.com\/Honestbcn\/\",\"https:\/\/www.linkedin.com\/company\/honest-barcelona\",\"https:\/\/www.instagram.com\/honest_barcelona\/\",\"https:\/\/vimeo.com\/user45734797\"]}]}<\/script>\n<!-- \/ Yoast SEO plugin. -->","yoast_head_json":{"title":"Pol\u00edtica de privacidad - honest","robots":{"index":"index","follow":"follow","max-snippet":"max-snippet:-1","max-image-preview":"max-image-preview:large","max-video-preview":"max-video-preview:-1"},"canonical":"https:\/\/honestbarcelona.com\/es\/politica-de-privacidad\/","og_locale":"es_ES","og_type":"article","og_title":"Pol\u00edtica de privacidad - honest","og_description":"INFORMACI\u00d3N EN CUMPLIMIENTO DE LA NORMATIVA DE PROTECCI\u00d3N DE DATOS PERSONALES En Europa y en Espa\u00f1a existen normas de protecci\u00f3n de datos pensadas para proteger su informaci\u00f3n personal de obligado cumplimiento para nuestra entidad. Por ello, es muy importante para nosotros que entienda perfectamente qu\u00e9 vamos a hacer con los datos personales que le pedimos. [&hellip;]","og_url":"https:\/\/honestbarcelona.com\/es\/politica-de-privacidad\/","og_site_name":"honest","article_publisher":"https:\/\/www.facebook.com\/Honestbcn\/","article_modified_time":"2022-01-25T11:23:09+00:00","twitter_card":"summary_large_image","twitter_misc":{"Tiempo de lectura":"6 minutos"},"schema":{"@context":"https:\/\/schema.org","@graph":[{"@type":"WebPage","@id":"https:\/\/honestbarcelona.com\/es\/politica-de-privacidad\/","url":"https:\/\/honestbarcelona.com\/es\/politica-de-privacidad\/","name":"Pol\u00edtica de privacidad - honest","isPartOf":{"@id":"https:\/\/honestbarcelona.com\/es\/#website"},"datePublished":"2022-01-19T17:19:16+00:00","dateModified":"2022-01-25T11:23:09+00:00","breadcrumb":{"@id":"https:\/\/honestbarcelona.com\/es\/politica-de-privacidad\/#breadcrumb"},"inLanguage":"es","potentialAction":[{"@type":"ReadAction","target":["https:\/\/honestbarcelona.com\/es\/politica-de-privacidad\/"]}]},{"@type":"BreadcrumbList","@id":"https:\/\/honestbarcelona.com\/es\/politica-de-privacidad\/#breadcrumb","itemListElement":[{"@type":"ListItem","position":1,"name":"Portada","item":"https:\/\/honestbarcelona.com\/es\/"},{"@type":"ListItem","position":2,"name":"Pol\u00edtica de privacidad"}]},{"@type":"WebSite","@id":"https:\/\/honestbarcelona.com\/es\/#website","url":"https:\/\/honestbarcelona.com\/es\/","name":"honest","description":"Agencia de publicidad con foco en creatividad y estrategia en Barcelona.","publisher":{"@id":"https:\/\/honestbarcelona.com\/es\/#organization"},"potentialAction":[{"@type":"SearchAction","target":{"@type":"EntryPoint","urlTemplate":"https:\/\/honestbarcelona.com\/es\/?s={search_term_string}"},"query-input":"required name=search_term_string"}],"inLanguage":"es"},{"@type":"Organization","@id":"https:\/\/honestbarcelona.com\/es\/#organization","name":"Honest Barcelona","url":"https:\/\/honestbarcelona.com\/es\/","logo":{"@type":"ImageObject","inLanguage":"es","@id":"https:\/\/honestbarcelona.com\/es\/#\/schema\/logo\/image\/","url":"https:\/\/honestbarcelona.com\/wp-content\/uploads\/2023\/02\/Logo-Honest-Growth.jpg","contentUrl":"https:\/\/honestbarcelona.com\/wp-content\/uploads\/2023\/02\/Logo-Honest-Growth.jpg","width":612,"height":342,"caption":"Honest Barcelona"},"image":{"@id":"https:\/\/honestbarcelona.com\/es\/#\/schema\/logo\/image\/"},"sameAs":["https:\/\/www.facebook.com\/Honestbcn\/","https:\/\/www.linkedin.com\/company\/honest-barcelona","https:\/\/www.instagram.com\/honest_barcelona\/","https:\/\/vimeo.com\/user45734797"]}]}},"_links":{"self":[{"href":"https:\/\/honestbarcelona.com\/es\/wp-json\/wp\/v2\/pages\/1990","targetHints":{"allow":["GET"]}}],"collection":[{"href":"https:\/\/honestbarcelona.com\/es\/wp-json\/wp\/v2\/pages"}],"about":[{"href":"https:\/\/honestbarcelona.com\/es\/wp-json\/wp\/v2\/types\/page"}],"author":[{"embeddable":true,"href":"https:\/\/honestbarcelona.com\/es\/wp-json\/wp\/v2\/users\/1"}],"replies":[{"embeddable":true,"href":"https:\/\/honestbarcelona.com\/es\/wp-json\/wp\/v2\/comments?post=1990"}],"version-history":[{"count":6,"href":"https:\/\/honestbarcelona.com\/es\/wp-json\/wp\/v2\/pages\/1990\/revisions"}],"predecessor-version":[{"id":2709,"href":"https:\/\/honestbarcelona.com\/es\/wp-json\/wp\/v2\/pages\/1990\/revisions\/2709"}],"wp:attachment":[{"href":"https:\/\/honestbarcelona.com\/es\/wp-json\/wp\/v2\/media?parent=1990"}],"curies":[{"name":"wp","href":"https:\/\/api.w.org\/{rel}","templated":true}]}}